{"id":1748,"date":"2023-08-23T13:00:01","date_gmt":"2023-08-23T11:00:01","guid":{"rendered":"https:\/\/reseaucei.ca\/test\/"},"modified":"2023-08-23T13:00:01","modified_gmt":"2023-08-23T11:00:01","slug":"test","status":"publish","type":"page","link":"https:\/\/reseaucei.ca\/en\/test\/","title":{"rendered":"test"},"content":{"rendered":"\t\t<div data-elementor-type=\"wp-page\" data-elementor-id=\"1748\" class=\"elementor elementor-1748 elementor-12\" data-elementor-post-type=\"page\">\n\t\t\t\t<div class=\"elementor-element elementor-element-613d59f e-flex e-con-boxed e-con e-parent\" data-id=\"613d59f\" data-element_type=\"container\">\n\t\t\t\t\t<div class=\"e-con-inner\">\n\t\t\t\t<div class=\"elementor-element elementor-element-bba1f89 elementor-widget elementor-widget-shortcode\" data-id=\"bba1f89\" data-element_type=\"widget\" data-widget_type=\"shortcode.default\">\n\t\t\t\t<div class=\"elementor-widget-container\">\n\t\t\t\t\t\t\t<div class=\"elementor-shortcode\"><div class=\"frm_forms  with_frm_style frm_style_formidable-style\" id=\"frm_form_3_container\" data-token=\"35bb736bb88ce85c62e773f289c4ce51\">\n<form enctype=\"multipart\/form-data\" method=\"post\" class=\"frm-show-form  frm_js_validate  frm_ajax_submit  frm_pro_form \" id=\"form_post_form_2\" data-token=\"35bb736bb88ce85c62e773f289c4ce51\">\n<div class=\"frm_form_fields \">\n<fieldset>\n<legend class=\"frm_screen_reader\">CEI MTL<\/legend>\r\n\r\n<div class=\"frm_fields_container\">\n<input type=\"hidden\" name=\"frm_action\" value=\"create\" \/>\n<input type=\"hidden\" name=\"form_id\" value=\"3\" \/>\n<input type=\"hidden\" name=\"frm_hide_fields_3\" id=\"frm_hide_fields_3\" value=\"\" \/>\n<input type=\"hidden\" name=\"form_key\" value=\"post_form_2\" \/>\n<input type=\"hidden\" name=\"item_meta[0]\" value=\"\" \/>\n<input type=\"hidden\" id=\"frm_submit_entry_3\" name=\"frm_submit_entry_3\" value=\"cf208ed068\" \/><input type=\"hidden\" name=\"_wp_http_referer\" value=\"\/en\/wp-json\/wp\/v2\/pages\/1748\" \/><div id=\"frm_field_11_container\" class=\"frm_form_field form-field  frm_required_field frm_top_container frm12 frm_first\">\r\n    <label for=\"field_qh4icy3\" id=\"field_qh4icy3_label\" class=\"frm_primary_label\">Nom\r\n        <span class=\"frm_required\" aria-hidden=\"true\">*<\/span>\r\n    <\/label>\r\n    <input  type=\"text\" id=\"field_qh4icy3\" name=\"item_meta[11]\" value=\"\"  data-reqmsg=\"Ce champ ne peut \u00eatre vide.\" aria-required=\"true\" data-invmsg=\"Name is invalid\" aria-invalid=\"false\"   \/>\r\n    \r\n    \r\n<\/div>\n<div id=\"frm_field_12_container\" class=\"frm_form_field form-field  frm_required_field frm_top_container frm12 frm_first\">\r\n    <label for=\"field_ocfup13\" id=\"field_ocfup13_label\" class=\"frm_primary_label\">Pr\u00e9nom\r\n        <span class=\"frm_required\" aria-hidden=\"true\">*<\/span>\r\n    <\/label>\r\n    <input  type=\"text\" id=\"field_ocfup13\" name=\"item_meta[12]\" value=\"\"  data-reqmsg=\"Ce champ ne peut \u00eatre vide.\" aria-required=\"true\" data-invmsg=\"Last is invalid\" aria-invalid=\"false\"   \/>\r\n    \r\n    \r\n<\/div>\n<div id=\"frm_field_17_container\" class=\"frm_form_field form-field  frm_required_field frm_top_container\">\r\n    <label for=\"field_5ns5c\" id=\"field_5ns5c_label\" class=\"frm_primary_label\">Num\u00e9ro du t\u00e9l\u00e9phone\r\n        <span class=\"frm_required\" aria-hidden=\"true\">*<\/span>\r\n    <\/label>\r\n    <input type=\"tel\" id=\"field_5ns5c\" name=\"item_meta[17]\" value=\"\"  data-reqmsg=\"Ce champ ne peut \u00eatre vide.\" aria-required=\"true\" data-invmsg=\"Le num\u00e9ro de t\u00e9l\u00e9phone n&#039;est pas valide\" aria-invalid=\"false\" pattern=\"((\\+\\d{1,3}(-|.| )?\\(?\\d\\)?(-| |.)?\\d{1,5})|(\\(?\\d{2,6}\\)?))(-|.| )?(\\d{3,4})(-|.| )?(\\d{4})(( x| ext)\\d{1,5}){0,1}$\"  \/>\r\n    \r\n    \r\n<\/div>\n<div id=\"frm_field_13_container\" class=\"frm_form_field form-field  frm_required_field frm_top_container frm12 frm_first\">\r\n    <label for=\"field_29yf4d3\" id=\"field_29yf4d3_label\" class=\"frm_primary_label\">Adresse courriel\r\n        <span class=\"frm_required\" aria-hidden=\"true\">*<\/span>\r\n    <\/label>\r\n    <input type=\"email\" id=\"field_29yf4d3\" name=\"item_meta[13]\" value=\"\"  data-reqmsg=\"Ce champ ne peut \u00eatre vide.\" aria-required=\"true\" data-invmsg=\"Le courriel est invalide\" aria-invalid=\"false\"  \/>\r\n    \r\n    \r\n<\/div>\n<div id=\"frm_field_29_container\" class=\"frm_form_field form-field  frm_top_container\">\r\n    <label for=\"field_ru6mh\" id=\"field_ru6mh_label\" class=\"frm_primary_label\">Message\r\n        <span class=\"frm_required\" aria-hidden=\"true\"><\/span>\r\n    <\/label>\r\n    <textarea name=\"item_meta[29]\" id=\"field_ru6mh\" rows=\"5\"  data-invmsg=\"Paragraphe est non valide\" aria-invalid=\"false\"  ><\/textarea>\r\n    \r\n    \r\n<\/div>\n<div id=\"frm_field_58_container\" class=\"frm_form_field form-field  frm_none_container\">\n\t<label for=\"h-captcha-response\" id=\"field_iaaxa_label\" class=\"frm_primary_label\">Captcha\n\t\t<span class=\"frm_required\" aria-hidden=\"true\"><\/span>\n\t<\/label>\n\t<div  id=\"field_iaaxa\" class=\"cf-turnstile\" data-sitekey=\"0x4AAAAAABCUywRbbEemaYWi\" data-size=\"normal\" data-theme=\"light\"><\/div>\n\t\n\t\n<\/div>\n<div id=\"frm_field_46_container\" class=\"frm_form_field form-field \">\n\t<div class=\"frm_submit\">\r\n\r\n<button class=\"frm_button_submit frm_final_submit\" type=\"submit\"   formnovalidate=\"formnovalidate\">SOUMETTRE<\/button>\r\n\r\n\r\n<\/div>\n<\/div>\n\t<input type=\"hidden\" name=\"item_key\" value=\"\" \/>\n\t\t\t\t<div class=\"frm__67d2ac45a2126\">\n\t\t\t\t<label for=\"frm_email_3\" >\n\t\t\t\t\tIf you are human, leave this field blank.\t\t\t\t<\/label>\n\t\t\t\t<input  id=\"frm_email_3\" type=\"email\" class=\"frm_verify\" name=\"frm__67d2ac45a2126\" value=\"\"  \/>\n\t\t\t<\/div>\n\t\t<input name=\"frm_state\" type=\"hidden\" value=\"\/vbLuvYasVNEfmcg5HOQA3b8t1cOGrukmJoIW9me4YA=\" \/><\/div>\n<\/fieldset>\n<\/div>\n\n<\/form>\n<\/div>\n<\/div>\n\t\t\t\t\t\t<\/div>\n\t\t\t\t<\/div>\n\t\t\t\t<div class=\"elementor-element elementor-element-5ef6dd2 elementor-widget elementor-widget-text-editor\" data-id=\"5ef6dd2\" data-element_type=\"widget\" data-widget_type=\"text-editor.default\">\n\t\t\t\t<div class=\"elementor-widget-container\">\n\t\t\t\t\t\t\t\t\t<h1>h1 \u00c0<\/h1><h2>h2 \u00c0<\/h2><h3>h3 \u00c0<\/h3><h4>h4 \u00c0<\/h4><h5>h5 \u00c0<\/h5>\t\t\t\t\t\t\t\t<\/div>\n\t\t\t\t<\/div>\n\t\t\t\t\t<\/div>\n\t\t\t\t<\/div>\n\t\t\t\t<\/div>\n\t\t","protected":false},"excerpt":{"rendered":"<p>h1 \u00c0 h2 \u00c0 h3 \u00c0 h4 \u00c0 h5 \u00c0<\/p>\n","protected":false},"author":1,"featured_media":0,"parent":0,"menu_order":10,"comment_status":"closed","ping_status":"closed","template":"","meta":{"_acf_changed":false,"footnotes":""},"class_list":["post-1748","page","type-page","status-publish","hentry"],"acf":[],"yoast_head":"<!-- This site is optimized with the Yoast SEO plugin v24.6 - https:\/\/yoast.com\/wordpress\/plugins\/seo\/ -->\n<title>test - RCEI<\/title>\n<meta name=\"robots\" content=\"index, follow, max-snippet:-1, max-image-preview:large, max-video-preview:-1\" \/>\n<link rel=\"canonical\" href=\"https:\/\/reseaucei.ca\/en\/test\/\" \/>\n<meta property=\"og:locale\" content=\"en_US\" \/>\n<meta property=\"og:type\" content=\"article\" \/>\n<meta property=\"og:title\" content=\"test - RCEI\" \/>\n<meta property=\"og:description\" content=\"h1 \u00c0 h2 \u00c0 h3 \u00c0 h4 \u00c0 h5 \u00c0\" \/>\n<meta property=\"og:url\" content=\"https:\/\/reseaucei.ca\/en\/test\/\" \/>\n<meta property=\"og:site_name\" content=\"RCEI\" \/>\n<meta name=\"twitter:card\" content=\"summary_large_image\" \/>\n<script type=\"application\/ld+json\" class=\"yoast-schema-graph\">{\"@context\":\"https:\/\/schema.org\",\"@graph\":[{\"@type\":\"WebPage\",\"@id\":\"https:\/\/reseaucei.ca\/en\/test\/\",\"url\":\"https:\/\/reseaucei.ca\/en\/test\/\",\"name\":\"test - RCEI\",\"isPartOf\":{\"@id\":\"https:\/\/reseaucei.ca\/#website\"},\"datePublished\":\"2023-08-23T11:00:01+00:00\",\"breadcrumb\":{\"@id\":\"https:\/\/reseaucei.ca\/en\/test\/#breadcrumb\"},\"inLanguage\":\"en-US\",\"potentialAction\":[{\"@type\":\"ReadAction\",\"target\":[\"https:\/\/reseaucei.ca\/en\/test\/\"]}]},{\"@type\":\"BreadcrumbList\",\"@id\":\"https:\/\/reseaucei.ca\/en\/test\/#breadcrumb\",\"itemListElement\":[{\"@type\":\"ListItem\",\"position\":1,\"name\":\"Home\",\"item\":\"https:\/\/reseaucei.ca\/en\/\"},{\"@type\":\"ListItem\",\"position\":2,\"name\":\"test\"}]},{\"@type\":\"WebSite\",\"@id\":\"https:\/\/reseaucei.ca\/#website\",\"url\":\"https:\/\/reseaucei.ca\/\",\"name\":\"RCEI\",\"description\":\"RCEI\",\"publisher\":{\"@id\":\"https:\/\/reseaucei.ca\/#organization\"},\"potentialAction\":[{\"@type\":\"SearchAction\",\"target\":{\"@type\":\"EntryPoint\",\"urlTemplate\":\"https:\/\/reseaucei.ca\/?s={search_term_string}\"},\"query-input\":{\"@type\":\"PropertyValueSpecification\",\"valueRequired\":true,\"valueName\":\"search_term_string\"}}],\"inLanguage\":\"en-US\"},{\"@type\":\"Organization\",\"@id\":\"https:\/\/reseaucei.ca\/#organization\",\"name\":\"RCEI\",\"url\":\"https:\/\/reseaucei.ca\/\",\"logo\":{\"@type\":\"ImageObject\",\"inLanguage\":\"en-US\",\"@id\":\"https:\/\/reseaucei.ca\/#\/schema\/logo\/image\/\",\"url\":\"https:\/\/reseaucei.ca\/wp-content\/uploads\/2023\/08\/Logo-1.png\",\"contentUrl\":\"https:\/\/reseaucei.ca\/wp-content\/uploads\/2023\/08\/Logo-1.png\",\"width\":142,\"height\":91,\"caption\":\"RCEI\"},\"image\":{\"@id\":\"https:\/\/reseaucei.ca\/#\/schema\/logo\/image\/\"}}]}<\/script>\n<!-- \/ Yoast SEO plugin. -->","yoast_head_json":{"title":"test - RCEI","robots":{"index":"index","follow":"follow","max-snippet":"max-snippet:-1","max-image-preview":"max-image-preview:large","max-video-preview":"max-video-preview:-1"},"canonical":"https:\/\/reseaucei.ca\/en\/test\/","og_locale":"en_US","og_type":"article","og_title":"test - RCEI","og_description":"h1 \u00c0 h2 \u00c0 h3 \u00c0 h4 \u00c0 h5 \u00c0","og_url":"https:\/\/reseaucei.ca\/en\/test\/","og_site_name":"RCEI","twitter_card":"summary_large_image","schema":{"@context":"https:\/\/schema.org","@graph":[{"@type":"WebPage","@id":"https:\/\/reseaucei.ca\/en\/test\/","url":"https:\/\/reseaucei.ca\/en\/test\/","name":"test - RCEI","isPartOf":{"@id":"https:\/\/reseaucei.ca\/#website"},"datePublished":"2023-08-23T11:00:01+00:00","breadcrumb":{"@id":"https:\/\/reseaucei.ca\/en\/test\/#breadcrumb"},"inLanguage":"en-US","potentialAction":[{"@type":"ReadAction","target":["https:\/\/reseaucei.ca\/en\/test\/"]}]},{"@type":"BreadcrumbList","@id":"https:\/\/reseaucei.ca\/en\/test\/#breadcrumb","itemListElement":[{"@type":"ListItem","position":1,"name":"Home","item":"https:\/\/reseaucei.ca\/en\/"},{"@type":"ListItem","position":2,"name":"test"}]},{"@type":"WebSite","@id":"https:\/\/reseaucei.ca\/#website","url":"https:\/\/reseaucei.ca\/","name":"RCEI","description":"RCEI","publisher":{"@id":"https:\/\/reseaucei.ca\/#organization"},"potentialAction":[{"@type":"SearchAction","target":{"@type":"EntryPoint","urlTemplate":"https:\/\/reseaucei.ca\/?s={search_term_string}"},"query-input":{"@type":"PropertyValueSpecification","valueRequired":true,"valueName":"search_term_string"}}],"inLanguage":"en-US"},{"@type":"Organization","@id":"https:\/\/reseaucei.ca\/#organization","name":"RCEI","url":"https:\/\/reseaucei.ca\/","logo":{"@type":"ImageObject","inLanguage":"en-US","@id":"https:\/\/reseaucei.ca\/#\/schema\/logo\/image\/","url":"https:\/\/reseaucei.ca\/wp-content\/uploads\/2023\/08\/Logo-1.png","contentUrl":"https:\/\/reseaucei.ca\/wp-content\/uploads\/2023\/08\/Logo-1.png","width":142,"height":91,"caption":"RCEI"},"image":{"@id":"https:\/\/reseaucei.ca\/#\/schema\/logo\/image\/"}}]}},"_links":{"self":[{"href":"https:\/\/reseaucei.ca\/en\/wp-json\/wp\/v2\/pages\/1748","targetHints":{"allow":["GET"]}}],"collection":[{"href":"https:\/\/reseaucei.ca\/en\/wp-json\/wp\/v2\/pages"}],"about":[{"href":"https:\/\/reseaucei.ca\/en\/wp-json\/wp\/v2\/types\/page"}],"author":[{"embeddable":true,"href":"https:\/\/reseaucei.ca\/en\/wp-json\/wp\/v2\/users\/1"}],"replies":[{"embeddable":true,"href":"https:\/\/reseaucei.ca\/en\/wp-json\/wp\/v2\/comments?post=1748"}],"version-history":[{"count":0,"href":"https:\/\/reseaucei.ca\/en\/wp-json\/wp\/v2\/pages\/1748\/revisions"}],"wp:attachment":[{"href":"https:\/\/reseaucei.ca\/en\/wp-json\/wp\/v2\/media?parent=1748"}],"curies":[{"name":"wp","href":"https:\/\/api.w.org\/{rel}","templated":true}]}}